{"id":7,"date":"2024-09-17T09:26:32","date_gmt":"2024-09-17T09:26:32","guid":{"rendered":"https:\/\/cofassa.es\/?page_id=7"},"modified":"2024-09-17T09:57:32","modified_gmt":"2024-09-17T09:57:32","slug":"inicio","status":"publish","type":"page","link":"https:\/\/cofassa.es\/","title":{"rendered":"Inicio"},"content":{"rendered":"\n<div class=\"wp-block-cover alignfull wp-elements-f64d5763819c50ccb950e53be2ace394 wp-duotone-var--ast-global-color-6-ffffff-1\" style=\"min-height:347px;aspect-ratio:unset;\"><span aria-hidden=\"true\" class=\"wp-block-cover__background has-background-dim-100 has-background-dim has-background-gradient\" style=\"background:linear-gradient(135deg,rgb(255,255,255) 0%,rgb(40,116,252) 100%)\"><\/span><div class=\"wp-block-cover__inner-container is-layout-flow wp-block-cover-is-layout-flow\">\n<div class=\"inherit-container-width wp-block-group alignwide is-layout-constrained wp-block-group-is-layout-constrained\">\n<div class=\"wp-block-cover alignwide\"><span aria-hidden=\"true\" class=\"wp-block-cover__background has-background-dim\"><\/span><img loading=\"lazy\" decoding=\"async\" width=\"640\" height=\"427\" class=\"wp-block-cover__image-background wp-image-26\" alt=\"\" src=\"https:\/\/cofassa.es\/wp-content\/uploads\/2024\/09\/offset-printing-macine-3634411_640.jpg\" data-object-fit=\"cover\" srcset=\"https:\/\/cofassa.es\/wp-content\/uploads\/2024\/09\/offset-printing-macine-3634411_640.jpg 640w, https:\/\/cofassa.es\/wp-content\/uploads\/2024\/09\/offset-printing-macine-3634411_640-300x200.jpg 300w\" sizes=\"auto, (max-width: 640px) 100vw, 640px\" \/><div class=\"wp-block-cover__inner-container is-layout-flow wp-block-cover-is-layout-flow\">\n<h1 class=\"wp-block-heading has-text-align-left has-white-color has-text-color\">Artes Gr\u00e1ficas COFAS<\/h1>\n\n\n\n<p>Desde el dise\u00f1o o la maquetaci\u00f3n pasando por la impresi\u00f3n, el acabado y la distribuci\u00f3n<\/p>\n<\/div><\/div>\n<\/div>\n<\/div><\/div>\n\n\n\n<p><strong>ARTES GR\u00c1FICAS COFAS, S.A.,<\/strong> ha sido beneficiaria en la anualidad 2024&nbsp; de una subvenci\u00f3n en la convocatoria AYUDAS DESTINADAS A PROYECTOS DE DIGITALIZACI\u00d3N DE LA PYME MADRILE\u00d1A, COFINANCIADAS POR EL FONDO EUROPEO DE DESARROLLO REGIONAL (FEDER), EN EL MARCO DEL PROGRAMA DE LA COMUNIDAD DE MADRID 2021-2027 (Expediente <strong>05-DEM1-00025.7\/2024<\/strong>)&nbsp; para realizar el proyecto denominado \u00ab Digitalizaci\u00f3n de los procesos de fabricaci\u00f3n en&nbsp; Artes Gr\u00e1ficas COF\u00c1S en el \u00e1rea de impresi\u00f3n digital a trav\u00e9s de la Incorporaci\u00f3n de tres nuevas soluciones&nbsp; e interconexi\u00f3n con otras \u00e1reas \u00bb<\/p>\n\n\n\n<p>La ejecuci\u00f3n del proyecto ha implicado la implementaci\u00f3n de nuevas soluciones y tecnolog\u00edas innovadoras en los procesos de fabricaci\u00f3n entre las que se incluyen los sistemas embebidos, el control de procesos y sensores.<\/p>\n\n\n\n<div class=\"wp-block-columns is-layout-flex wp-container-core-columns-is-layout-28f84493 wp-block-columns-is-layout-flex\">\n<div class=\"wp-block-column is-layout-flow wp-block-column-is-layout-flow\" style=\"flex-basis:33.34%\">\n<div class=\"wp-block-group is-nowrap is-layout-flex wp-container-core-group-is-layout-6c531013 wp-block-group-is-layout-flex\">\n<figure class=\"wp-block-image size-full\"><img loading=\"lazy\" decoding=\"async\" width=\"233\" height=\"55\" src=\"https:\/\/cofassa.es\/wp-content\/uploads\/2024\/09\/ue.png\" alt=\"\" class=\"wp-image-44\"\/><\/figure>\n<\/div>\n<\/div>\n\n\n\n<div class=\"wp-block-column is-layout-flow wp-block-column-is-layout-flow\" style=\"flex-basis:33.34%\">\n<figure class=\"wp-block-image size-full\"><img loading=\"lazy\" decoding=\"async\" width=\"241\" height=\"56\" src=\"https:\/\/cofassa.es\/wp-content\/uploads\/2024\/09\/fondos.png\" alt=\"\" class=\"wp-image-42\"\/><\/figure>\n<\/div>\n\n\n\n<div class=\"wp-block-column is-layout-flow wp-block-column-is-layout-flow\" style=\"flex-basis:33.33%\">\n<figure class=\"wp-block-image size-full\"><img loading=\"lazy\" decoding=\"async\" width=\"311\" height=\"131\" src=\"https:\/\/cofassa.es\/wp-content\/uploads\/2024\/09\/madrid.png\" alt=\"\" class=\"wp-image-43\" srcset=\"https:\/\/cofassa.es\/wp-content\/uploads\/2024\/09\/madrid.png 311w, https:\/\/cofassa.es\/wp-content\/uploads\/2024\/09\/madrid-300x126.png 300w\" sizes=\"auto, (max-width: 311px) 100vw, 311px\" \/><\/figure>\n<\/div>\n<\/div>\n\n\n\n<div class=\"wp-block-media-text has-media-on-the-right is-stacked-on-mobile is-vertically-aligned-center\" style=\"grid-template-columns:auto 39%\"><div class=\"wp-block-media-text__content\">\n<div class=\"inherit-container-width wp-block-group is-layout-constrained wp-container-core-group-is-layout-47ce07ec wp-block-group-is-layout-constrained\" style=\"padding-right:80px\">\n<h2 class=\"wp-block-heading\" style=\"padding-right:40px\">Somos una imprenta situada en Madrid con m\u00e1s de 30 a\u00f1os de experiencia en el sector, pero a la vez joven y din\u00e1mica.<\/h2>\n\n\n\n<p>Compuesta por un equipo de profesionales capacitados para dar soluci\u00f3n a sus necesidades de impresi\u00f3n.<\/p>\n\n\n\n<p>Nuestros servicios abarcan todo el proceso, Desde el dise\u00f1o o la maquetaci\u00f3n pasando por la impresi\u00f3n, el acabado y la distribuci\u00f3n.<\/p>\n\n\n\n<p>Disponemos de m\u00e1quinas de impresi\u00f3n offset y digital de \u00faltima generaci\u00f3n. El proceso de preimpresi\u00f3n lo realizamos integramente en nuestras instalaciones con el sistema CTP.<\/p>\n<\/div>\n<\/div><figure class=\"wp-block-media-text__media\"><img loading=\"lazy\" decoding=\"async\" width=\"390\" height=\"221\" src=\"https:\/\/cofassa.es\/wp-content\/uploads\/2024\/09\/shapeimage_1.png\" alt=\"\" class=\"wp-image-40 size-full\" srcset=\"https:\/\/cofassa.es\/wp-content\/uploads\/2024\/09\/shapeimage_1.png 390w, https:\/\/cofassa.es\/wp-content\/uploads\/2024\/09\/shapeimage_1-300x170.png 300w\" sizes=\"auto, (max-width: 390px) 100vw, 390px\" \/><\/figure><\/div>\n\n\n\n<div class=\"wp-block-group alignfull is-layout-constrained wp-container-core-group-is-layout-0ca54f8f wp-block-group-is-layout-constrained\" id=\"services\" style=\"padding-top:26px;padding-bottom:0px\">\n<h2 class=\"wp-block-heading\">Servicios<\/h2>\n\n\n\n<div class=\"wp-block-columns is-layout-flex wp-container-core-columns-is-layout-60cbf9bb wp-block-columns-is-layout-flex\" style=\"margin-top:50px\">\n<div class=\"wp-block-column is-layout-flow wp-container-core-column-is-layout-6b73ce23 wp-block-column-is-layout-flow\">\n<figure class=\"wp-block-image size-full is-resized\"><img loading=\"lazy\" decoding=\"async\" width=\"195\" height=\"130\" src=\"https:\/\/cofassa.es\/wp-content\/uploads\/2024\/09\/compo.jpg\" alt=\"\" class=\"wp-image-31\" style=\"width:356px;height:auto\"\/><\/figure>\n\n\n\n<h3 class=\"wp-block-heading\" style=\"margin-top:16px\">composici\u00f3n \/ preimpresi\u00f3n<\/h3>\n\n\n\n<p>Nuestro Departamento de Composici\u00f3n dar\u00e1 forma a la maquetaci\u00f3n de sus libros y revistas, a la imagen de su empresa, as\u00ed como a su publicidad o si lo prefiere le propondremos nuestra alternativa.<\/p>\n\n\n\n<p>En el Departamento de Preimpresi\u00f3n se realizar\u00e1n todos los pasos previos a la impresi\u00f3n del trabajo, escaneado, filmaci\u00f3n, montaje e insolaci\u00f3n de planchas y archivado de fotolitos..<\/p>\n<\/div>\n\n\n\n<div class=\"wp-block-column is-layout-flow wp-container-core-column-is-layout-6b73ce23 wp-block-column-is-layout-flow\">\n<figure class=\"wp-block-image size-full is-resized\"><img loading=\"lazy\" decoding=\"async\" width=\"174\" height=\"116\" src=\"https:\/\/cofassa.es\/wp-content\/uploads\/2024\/09\/imp1.jpg\" alt=\"\" class=\"wp-image-32\" style=\"width:356px;height:auto\"\/><\/figure>\n\n\n\n<h3 class=\"wp-block-heading\" style=\"margin-top:16px\">impresi\u00f3n<\/h3>\n\n\n\n<p>Moderno parque de maquinaria con varios cuerpos de impresi\u00f3n para todo tipo de formatos. Podemos adaptarnos a los diferentes trabajos y combinaciones de color. Ni la cantidad de impresos ni las combinaciones de color son un problema.<\/p>\n<\/div>\n\n\n\n<div class=\"wp-block-column is-layout-flow wp-container-core-column-is-layout-6b73ce23 wp-block-column-is-layout-flow\">\n<figure class=\"wp-block-image size-full is-resized\"><img loading=\"lazy\" decoding=\"async\" width=\"126\" height=\"92\" src=\"https:\/\/cofassa.es\/wp-content\/uploads\/2024\/09\/aca1.jpg\" alt=\"\" class=\"wp-image-30\" style=\"width:326px;height:auto\"\/><\/figure>\n\n\n\n<h3 class=\"wp-block-heading\" style=\"margin-top:16px\">acabado<\/h3>\n\n\n\n<p>En el acabado damos el toque final a nuestros trabajos, plegado, guillotinado, encuadernaci\u00f3n y embalaje para su entrega.<\/p>\n<\/div>\n<\/div>\n<\/div>\n\n\n\n<div class=\"wp-block-group alignfull has-ast-global-color-5-background-color has-background is-layout-constrained wp-container-core-group-is-layout-94d206d0 wp-block-group-is-layout-constrained\" id=\"about\" style=\"padding-top:143px;padding-bottom:144px\">\n<h2 class=\"wp-block-heading\">Preguntas frecuentes<\/h2>\n\n\n\n<p><\/p>\n\n\n\n<p><strong>manual de preimpresi\u00f3n<\/strong><\/p>\n\n\n\n<p>Programas v\u00e1lidos para imprimir:<\/p>\n\n\n\n<p>Macromedia Freehand&nbsp;&nbsp;&nbsp;&nbsp;&nbsp;&nbsp;&nbsp;&nbsp;&nbsp;&nbsp;&nbsp;&nbsp;&nbsp;&nbsp;&nbsp; Adobe Illustrator<\/p>\n\n\n\n<p>Quarkxpress &nbsp;&nbsp;&nbsp;&nbsp;&nbsp;&nbsp;&nbsp;&nbsp;&nbsp;&nbsp;&nbsp;&nbsp;&nbsp;&nbsp;&nbsp;&nbsp;&nbsp;&nbsp;&nbsp;&nbsp;&nbsp;&nbsp;&nbsp;&nbsp;&nbsp;&nbsp;&nbsp;&nbsp;&nbsp; Adobe Photoshop (tiff, eps, jpg, psd)<\/p>\n\n\n\n<p>Corel Draw &nbsp;&nbsp;&nbsp;&nbsp;&nbsp;&nbsp;&nbsp;&nbsp;&nbsp;&nbsp;&nbsp;&nbsp;&nbsp;&nbsp;&nbsp;&nbsp;&nbsp;&nbsp;&nbsp;&nbsp;&nbsp;&nbsp;&nbsp;&nbsp;&nbsp;&nbsp;&nbsp;&nbsp;&nbsp;&nbsp;&nbsp; Adobe Indesing<\/p>\n\n\n\n<p>Adobe pdf*<\/p>\n\n\n\n<p>Tenga en cuenta que los trabajos deben estar t\u00e9cnicamente bien preparados para imprimir.<\/p>\n\n\n\n<p>(tama\u00f1o de documento correcto, colores, sangrados, plegados, etc. ). Aconsejamos tenga en cuenta las recomendaciones antes de enviar su trabajo para evitar retrasos en el plazo de entrega.<\/p>\n\n\n\n<p>*Los pdfs deben estar a 300 ppp con las fuentes incrustadas o trazadas y la sangre correspondiente.<\/p>\n\n\n\n<p>En el caso de impresi\u00f3n por tintas planas o colores directos tienen que estar bien defiinidos (pantone). Consultar como generar un pdf v\u00e1lido para imprenta.<\/p>\n\n\n\n<p>Resto de programas:<\/p>\n\n\n\n<p>&nbsp;&nbsp;&nbsp;&nbsp;&nbsp;&nbsp;&nbsp; Microsoft word Microsoft excel<\/p>\n\n\n\n<p>&nbsp;&nbsp;&nbsp;&nbsp;&nbsp;&nbsp;&nbsp; Microsoft powerpoint Microsoft publisher<\/p>\n\n\n\n<p>Estos programas no est\u00e1n pensados para la impresi\u00f3n comercial de documentos y t\u00e9cnicamente no est\u00e1n preparados para ello.<\/p>\n\n\n\n<p>Adem\u00e1s, las personas que utilizan estos programas no son profesionales del dise\u00f1o, por lo que tampoco saben preparar los trabajos.<\/p>\n<\/div>\n\n\n\n<h2 class=\"wp-block-heading\">Contacto<\/h2>\n\n\n\n<p>COF\u00c1S Artes Gr\u00e1ficas, S.A.<\/p>\n\n\n\n<p>C\/ Juan de la Cierva, 58<\/p>\n\n\n\n<p>28936 Mostoles (Madrid)<\/p>\n\n\n\n<p>Tel: 91 645 10 22<\/p>\n\n\n\n<p>Fax: 91 647 14 63<\/p>\n\n\n\n<p>email:&nbsp;<a href=\"mailto:cofassa@gmail.com?subject=Contacto\">cofassa@gmail.com<\/a><\/p>\n\n\n\n<p><a href=\"http:\/\/www.cofassa.es\/\">www.cofassa.es<\/a><\/p>\n\n\n\n<p><\/p>\n","protected":false},"excerpt":{"rendered":"<p>ARTES GR\u00c1FICAS COFAS, S.A., ha sido beneficiaria en la anualidad 2024&nbsp; de una subvenci\u00f3n en la convocatoria AYUDAS DESTINADAS A [&hellip;]<\/p>\n","protected":false},"author":1,"featured_media":0,"parent":0,"menu_order":0,"comment_status":"closed","ping_status":"closed","template":"","meta":{"site-sidebar-layout":"no-sidebar","site-content-layout":"plain-container","ast-site-content-layout":"","site-content-style":"default","site-sidebar-style":"default","ast-global-header-display":"","ast-banner-title-visibility":"","ast-main-header-display":"","ast-hfb-above-header-display":"","ast-hfb-below-header-display":"","ast-hfb-mobile-header-display":"","site-post-title":"disabled","ast-breadcrumbs-content":"","ast-featured-img":"","footer-sml-layout":"","theme-transparent-header-meta":"enabled","adv-header-id-meta":"","stick-header-meta":"","header-above-stick-meta":"","header-main-stick-meta":"","header-below-stick-meta":"","astra-migrate-meta-layouts":"default","ast-page-background-enabled":"default","ast-page-background-meta":{"desktop":{"background-color":"var(--ast-global-color-4)","background-image":"","background-repeat":"repeat","background-position":"center center","background-size":"auto","background-attachment":"scroll","background-type":"","background-media":"","overlay-type":"","overlay-color":"","overlay-opacity":"","overlay-gradient":""},"tablet":{"background-color":"","background-image":"","background-repeat":"repeat","background-position":"center center","background-size":"auto","background-attachment":"scroll","background-type":"","background-media":"","overlay-type":"","overlay-color":"","overlay-opacity":"","overlay-gradient":""},"mobile":{"background-color":"","background-image":"","background-repeat":"repeat","background-position":"center center","background-size":"auto","background-attachment":"scroll","background-type":"","background-media":"","overlay-type":"","overlay-color":"","overlay-opacity":"","overlay-gradient":""}},"ast-content-background-meta":{"desktop":{"background-color":"var(--ast-global-color-5)","background-image":"","background-repeat":"repeat","background-position":"center center","background-size":"auto","background-attachment":"scroll","background-type":"","background-media":"","overlay-type":"","overlay-color":"","overlay-opacity":"","overlay-gradient":""},"tablet":{"background-color":"var(--ast-global-color-5)","background-image":"","background-repeat":"repeat","background-position":"center center","background-size":"auto","background-attachment":"scroll","background-type":"","background-media":"","overlay-type":"","overlay-color":"","overlay-opacity":"","overlay-gradient":""},"mobile":{"background-color":"var(--ast-global-color-5)","background-image":"","background-repeat":"repeat","background-position":"center center","background-size":"auto","background-attachment":"scroll","background-type":"","background-media":"","overlay-type":"","overlay-color":"","overlay-opacity":"","overlay-gradient":""}},"footnotes":""},"class_list":["post-7","page","type-page","status-publish","hentry"],"_links":{"self":[{"href":"https:\/\/cofassa.es\/index.php?rest_route=\/wp\/v2\/pages\/7","targetHints":{"allow":["GET"]}}],"collection":[{"href":"https:\/\/cofassa.es\/index.php?rest_route=\/wp\/v2\/pages"}],"about":[{"href":"https:\/\/cofassa.es\/index.php?rest_route=\/wp\/v2\/types\/page"}],"author":[{"embeddable":true,"href":"https:\/\/cofassa.es\/index.php?rest_route=\/wp\/v2\/users\/1"}],"replies":[{"embeddable":true,"href":"https:\/\/cofassa.es\/index.php?rest_route=%2Fwp%2Fv2%2Fcomments&post=7"}],"version-history":[{"count":16,"href":"https:\/\/cofassa.es\/index.php?rest_route=\/wp\/v2\/pages\/7\/revisions"}],"predecessor-version":[{"id":49,"href":"https:\/\/cofassa.es\/index.php?rest_route=\/wp\/v2\/pages\/7\/revisions\/49"}],"wp:attachment":[{"href":"https:\/\/cofassa.es\/index.php?rest_route=%2Fwp%2Fv2%2Fmedia&parent=7"}],"curies":[{"name":"wp","href":"https:\/\/api.w.org\/{rel}","templated":true}]}}